{"id":2459,"date":"2016-04-14T17:31:34","date_gmt":"2016-04-14T15:31:34","guid":{"rendered":"http:\/\/landscape-festival.cz\/?page_id=2459"},"modified":"2017-04-10T21:50:23","modified_gmt":"2017-04-10T20:50:23","slug":"organizers","status":"publish","type":"page","link":"https:\/\/www.landscape-festival.cz\/old\/en\/last-editions\/lndscpo-16\/organizers\/","title":{"rendered":"Organizers"},"content":{"rendered":"<p style=\"text-align: justify;\">The Jaroslav Fragner Gallery is located in the historic centre of Prague and is one of the few galleries in the Czech Republic devoted solely to the presentation of architecture. There is already more than half a century tradition, and since 2006 it has been operated by the Architectura association. Authors from the Czech Republic, Europe and the world, especially progressive studios of middle and upcoming generation exhibit here regularly. The gallery has a long-term cooperation with a number of European architectural art galleries, centres and educational institutions. It cooperates closely with artistic and technical universities, organizes international conferences, field trips, spreads publications, organizes and experts\u00b4 lectures and master classes. It also realises presenting of Czech works abroad and has organized several major exhibitions of contemporary Czech architectural design. Solo exhibitions are devoted to current issues, renowned personalities and history of the 20th century. In recent years the gallery has also presented the subject of public space, sustainable architecture and the conversion of industrial heritage in the form of solo exhibitions and festivals.<\/p>\n<p style=\"text-align: justify;\"><strong>Selection of the presented foreign studios<\/strong> \u2013 Bjarke Ingels Group, Bow-Wow, Querkraft, FOA, J\u00fcrgen Mayer, MVRDV, Riedijk Neutelings, Ren\u00e9 van Zuuk, NL Architects, Bartlett School, Eduardo Souto de Moura, XDGA, Bevk Perovi\u0107, AmP Arquitectos<\/p>\n<p style=\"text-align: justify;\"><strong>Selected Czech exhibitions<\/strong> &#8211; Anton\u00edn Raymond 7\u00d7, V\u011bra and Vladim\u00edr Machonin, Jan Bo\u010dan, SIAL, Alena \u0160r\u00e1mkov\u00e1, Emil Kr\u00e1l\u00ed\u010dek; Green Architecture.CZ, Contemporary Czech Industrial, Projectil, Kamil Mrva, Aul\u00edk Fi\u0161er architects, DAM, Zden\u011bk Fr\u00e1nek, A69, New Work, Punk in Czech architecture<\/p>\n<p style=\"text-align: justify;\"><strong>Long-term international projects<\/strong> &#8211; Landscape Festival Prague (landscape architecture, land-art, lectures by foreign experts), Experimental Architecture Biennial (architecture using new technologies and materials, algorithms and biological processes, exhibition and international symposium), Open Air Arena Betl\u00e9msk\u00e9 n\u00e1m\u011bst\u00ed (all kinds of art in public space, Bethlehem Culture Night &#8211; cooperation with the neighbouring cultural institutions), Wine and Architecture in Central Europe (visits, publication, international conference, exhibitions)<\/p>\n<p style=\"text-align: justify;\"><strong>Festivals of contemporary Czech architecture abroad<\/strong> &#8211; Berlin, Bratislava, Hamburg<\/p>\n<p style=\"text-align: justify;\"><strong>The most successful exhibitions abroad<\/strong> &#8211; Czech Architectural Cubism (Berlin, Helsinki, Ko\u0161ice, Luxembourg, Madrid, Munich, New York, Paris, Tokyo), Prague Functionalism (Austin, Eindhoven, Haarlem, Ljubljana, Madrid, New York, Porto, Regensburg, Sofia, Tel Aviv), New Face of Prague (Berlin, Budapest, Bucharest, Bratislava, Dresden, Hamburg, Sofia, Vienna)<\/p>\n<p style=\"text-align: justify;\"><strong>Other major international projects<\/strong> &#8211; Architecture outside the Traditional Centers (two-year research grant in collaboration with FUA TU Liberec, conferences, visits, publications, workshops, study visits, exhibition), Artscape Norway \u2013 presentation of art and architecture in the Norwegian landscape and public space (exhibition, film documentary, video art, publications), Prague Railway Stations Un\/Used (exhibition and international conference to support the rescue \u017di\u017ekov Freight Railway Station)<\/p>\n<p style=\"text-align: justify;\"><strong>Foreign partners<\/strong> &#8211; AEDES in Berlin, the Museum of Architecture in Wroclaw, Design Factory in Bratislava, Slovak Academy of Sciences in Bratislava, Architekturzentrum Wien, NAi in Rotterdam, ABC Architectuurcenter in Haarlem, Budapest Centre of Architecture FUGA, Merano Arte in Merano, National Museum of Art, Architecture and Design in Oslo, ROM\/KUNST+ARKITEKTUR in Oslo, CCCB in Barcelona, the Victoria &amp; Albert Museum in London<\/p>\n<p style=\"text-align: justify;\"><strong>Web pages<\/strong><br \/>\n<a href=\"http:\/\/www.gjf.cz\/\">http:\/\/www.gjf.cz\/<\/a><br \/>\n<a href=\"https:\/\/slideslive.com\/galerie-jaroslava-fragnera\">https:\/\/slideslive.com\/galerie-jaroslava-fragnera<\/a><br \/>\n<a href=\"http:\/\/landscape-festival.cz\/\">http:\/\/landscape-festival.cz\/<\/a><br \/>\n<a href=\"http:\/\/wine-architecture.eu\/\">http:\/\/wine-architecture.eu\/<\/a><br \/>\n<a href=\"http:\/\/www.ex-centric.eu\/\">http:\/\/www.ex-centric.eu\/<\/a><br \/>\n<a href=\"http:\/\/artscape-norway.eu\">http:\/\/artscape-norway.eu<\/a><br \/>\n<a href=\"http:\/\/eabiennial.com\/\">http:\/\/eabiennial.com\/<\/a><\/p>\n<p style=\"text-align: justify;\"><strong>Social nets<\/strong><br \/>\n<a href=\"http:\/\/www.facebook.com\/fragnerka\">www.facebook.com\/fragnerka<\/a><br \/>\n<a href=\"http:\/\/twitter.com\/fragnerka\">twitter.com\/fragnerka<\/a><br \/>\n<a href=\"http:\/\/www.instagram.com\/galeriejaroslavafragnera\/\">www.instagram.com\/galeriejaroslavafragnera\/<\/a><\/p>\n<p style=\"text-align: justify;\">For the Landscape Festival 2016 the Jaroslav Fragner Gallery collaborates with the city of Opava.<\/p>\n","protected":false},"excerpt":{"rendered":"<p>The Jaroslav Fragner Gallery is located in the historic centre of Prague and is one of the few galleries in the Czech Republic devoted solely to the presentation of architecture. There is already more than half a century tradition, and since 2006 it has been operated by the Architectura association. Authors from the Czech Republic, [&hellip;]<\/p>\n","protected":false},"author":2,"featured_media":0,"parent":4687,"menu_order":10,"comment_status":"closed","ping_status":"closed","template":"","meta":{"footnotes":""},"class_list":["post-2459","page","type-page","status-publish","hentry",""],"_links":{"self":[{"href":"https:\/\/www.landscape-festival.cz\/old\/wp-json\/wp\/v2\/pages\/2459","targetHints":{"allow":["GET"]}}],"collection":[{"href":"https:\/\/www.landscape-festival.cz\/old\/wp-json\/wp\/v2\/pages"}],"about":[{"href":"https:\/\/www.landscape-festival.cz\/old\/wp-json\/wp\/v2\/types\/page"}],"author":[{"embeddable":true,"href":"https:\/\/www.landscape-festival.cz\/old\/wp-json\/wp\/v2\/users\/2"}],"replies":[{"embeddable":true,"href":"https:\/\/www.landscape-festival.cz\/old\/wp-json\/wp\/v2\/comments?post=2459"}],"version-history":[{"count":8,"href":"https:\/\/www.landscape-festival.cz\/old\/wp-json\/wp\/v2\/pages\/2459\/revisions"}],"predecessor-version":[{"id":4753,"href":"https:\/\/www.landscape-festival.cz\/old\/wp-json\/wp\/v2\/pages\/2459\/revisions\/4753"}],"up":[{"embeddable":true,"href":"https:\/\/www.landscape-festival.cz\/old\/wp-json\/wp\/v2\/pages\/4687"}],"wp:attachment":[{"href":"https:\/\/www.landscape-festival.cz\/old\/wp-json\/wp\/v2\/media?parent=2459"}],"curies":[{"name":"wp","href":"https:\/\/api.w.org\/{rel}","templated":true}]}}