{"id":1163,"date":"2015-06-09T18:23:24","date_gmt":"2015-06-09T16:23:24","guid":{"rendered":"http:\/\/landscape-festival.cz\/?page_id=1163"},"modified":"2017-04-10T21:55:21","modified_gmt":"2017-04-10T20:55:21","slug":"organiser","status":"publish","type":"page","link":"https:\/\/www.landscape-festival.cz\/old\/en\/last-editions\/lfp2015\/organiser\/","title":{"rendered":"Organizers"},"content":{"rendered":"<p>The project is organised by the Jaroslav Franger Gallery that is a rare example of Czech galleries focused on contemporary architecture and history of urbanism. Young studios from abroad frequently exhibit there (BIG, Querkraft, FOA, J\u00fcrgen H.Mayer, Riedijk Neutelings, MVRDV, Mitchell Joachim, Ren\u00e9 van Zuuk, Bartlett School etc.). Each year a progressive Czech studio is presented here (Projektil, Kamil Mrva, Aul\u00edk Fi\u0161er architekti, DAM, Zden\u011bk Fr\u00e1nek, NEW WORK etc.) or an eminent personality of Czech architecture (V\u011bra a Vladim\u00edr Machoninovi, Miroslav Ba\u0161e, Martin Rajni\u0161, Emil Kr\u00e1l\u00ed\u010dek, Martin Roub\u00edk etc.). The Jaroslav Franger Gallery also opens authorial thematic exhibitions of Czech architecture (cubism, economic architecture, post-communistic Prague, young generation, social inclusion in European architecture). In recent years there are also examples of Czech creation abroad to be found (Europe, Japan, USA).<\/p>\n<p><a href=\"http:\/\/www.gjf.cz\/\"><img loading=\"lazy\" decoding=\"async\" class=\" wp-image-86 alignleft\" src=\"http:\/\/landscape-festival.cz\/wp-content\/uploads\/2014\/04\/gjf1-300x255.jpg\" alt=\"gjf\" width=\"108\" height=\"92\" srcset=\"https:\/\/www.landscape-festival.cz\/old\/wp-content\/uploads\/2014\/04\/gjf1-300x255.jpg 300w, https:\/\/www.landscape-festival.cz\/old\/wp-content\/uploads\/2014\/04\/gjf1-1024x873.jpg 1024w, https:\/\/www.landscape-festival.cz\/old\/wp-content\/uploads\/2014\/04\/gjf1.jpg 1624w\" sizes=\"auto, (max-width: 108px) 100vw, 108px\" \/><img loading=\"lazy\" decoding=\"async\" class=\" alignleft\" src=\"http:\/\/landscape-festival.cz\/wp-content\/uploads\/2014\/04\/NNZLOGOROZEPSANE1-300x40.png\" alt=\"NNZLOGOROZEPSANE\" width=\"375\" height=\"50\" \/><\/a><\/p>\n","protected":false},"excerpt":{"rendered":"<p>The project is organised by the Jaroslav Franger Gallery that is a rare example of Czech galleries focused on contemporary architecture and history of urbanism. Young studios from abroad frequently exhibit there (BIG, Querkraft, FOA, J\u00fcrgen H.Mayer, Riedijk Neutelings, MVRDV, Mitchell Joachim, Ren\u00e9 van Zuuk, Bartlett School etc.). Each year a progressive Czech studio is [&hellip;]<\/p>\n","protected":false},"author":2,"featured_media":0,"parent":2336,"menu_order":1,"comment_status":"open","ping_status":"open","template":"","meta":{"footnotes":""},"class_list":["post-1163","page","type-page","status-publish","hentry",""],"_links":{"self":[{"href":"https:\/\/www.landscape-festival.cz\/old\/wp-json\/wp\/v2\/pages\/1163","targetHints":{"allow":["GET"]}}],"collection":[{"href":"https:\/\/www.landscape-festival.cz\/old\/wp-json\/wp\/v2\/pages"}],"about":[{"href":"https:\/\/www.landscape-festival.cz\/old\/wp-json\/wp\/v2\/types\/page"}],"author":[{"embeddable":true,"href":"https:\/\/www.landscape-festival.cz\/old\/wp-json\/wp\/v2\/users\/2"}],"replies":[{"embeddable":true,"href":"https:\/\/www.landscape-festival.cz\/old\/wp-json\/wp\/v2\/comments?post=1163"}],"version-history":[{"count":3,"href":"https:\/\/www.landscape-festival.cz\/old\/wp-json\/wp\/v2\/pages\/1163\/revisions"}],"predecessor-version":[{"id":4764,"href":"https:\/\/www.landscape-festival.cz\/old\/wp-json\/wp\/v2\/pages\/1163\/revisions\/4764"}],"up":[{"embeddable":true,"href":"https:\/\/www.landscape-festival.cz\/old\/wp-json\/wp\/v2\/pages\/2336"}],"wp:attachment":[{"href":"https:\/\/www.landscape-festival.cz\/old\/wp-json\/wp\/v2\/media?parent=1163"}],"curies":[{"name":"wp","href":"https:\/\/api.w.org\/{rel}","templated":true}]}}