{"id":6705,"date":"2017-07-04T14:41:58","date_gmt":"2017-07-04T13:41:58","guid":{"rendered":"http:\/\/landscape-festival.cz\/?page_id=6705"},"modified":"2017-07-04T15:11:18","modified_gmt":"2017-07-04T14:11:18","slug":"photogallery","status":"publish","type":"page","link":"http:\/\/www.landscape-festival.cz\/old\/en\/photogallery\/","title":{"rendered":"PHOTOGALLERY"},"content":{"rendered":"<div class=\"wpb-content-wrapper\"><p>[vc_row][vc_column][vc_empty_space]<div class=\"\"><div class=\"title_center\"><p class=\"\">21. 6. OPENING THE SPECIFIC SITE INSTALLATION PARALLEL PATH AND LECTURES by David Bravo \/ ES \/ AND Teresa Otto \/ PT \/ in DEPO2015<\/p><\/div><div class=\"center_line\"><\/div><\/div>[vc_empty_space][vc_masonry_media_grid element_width=&#8220;3&#8243; grid_id=&#8220;vc_gid:1499177370524-cb27ea70-a105-0&#8243; include=&#8220;6362,6361,6396,6395,6394,6373,6372,6392,6368,6391,6363,6365,6366,6390,6367,6369,6393,6364,6371,6370,6389,6388,6381,6382,6380,6379,6378,6377,6376,6375,6374,6387,6386,6385,6384,6383&#8243;][vc_column_text]photos by \u00a9 Mat\u011bj Vesel\u00fd[\/vc_column_text][vc_empty_space][\/vc_column][\/vc_row][vc_row][vc_column][vc_empty_space]<div class=\"\"><div class=\"title_center\"><p class=\"\">15. 6. OPENING NEW SITE SPECIFIC INSTALLATIONS IN BOLEVECK\u00dd RYBN\u00cdK<\/p><\/div><div class=\"center_line\"><\/div><\/div>[vc_empty_space][vc_masonry_media_grid element_width=&#8220;3&#8243; grid_id=&#8220;vc_gid:1499177370563-51154c10-709f-2&#8243; include=&#8220;6491,6513,6517,6483,6512,6503,6502,6514,6511,6509,6506,6505,6494,6480,6482,6501,6507,6499,6508,6510,6498,6497,6496,6495,6493,6516,6504,6492,6515,6490,6489,6488,6487,6486,6485,6484,6481,6500&#8243;][vc_column_text]photos by \u00a9 Mat\u011bj Vesel\u00fd[\/vc_column_text][vc_empty_space][\/vc_column][\/vc_row][vc_row][vc_column][vc_empty_space]<div class=\"\"><div class=\"title_center\"><p class=\"\">14. 6. opening exhibitions in DEPO2015<\/p><\/div><div class=\"center_line\"><\/div><\/div>[vc_column_text]<strong>CZECHSCAPE:\u00a0a portrait of contemporary Czech landscaping architecture<\/strong><\/p>\n<p class=\"table_title\"><strong>INDUSTRIAL TOPOGRAPHY: ARCHITECTURE OF CONVERSION 2005\u20132015<\/strong><\/p>\n<p class=\"table_title\"><strong>PUBLIC SPACE 2016 \u2013 European Prize for Urban Public Space<\/strong><\/p>\n<p class=\"table_title\"><strong>NOMADS<\/strong><\/p>\n<p class=\"table_title\">Exhibitions will be open until 20. 9. 2017<\/p>\n<p>[\/vc_column_text][vc_masonry_media_grid element_width=&#8220;3&#8243; grid_id=&#8220;vc_gid:1499177370592-5491ea40-1f33-3&#8243; include=&#8220;6467,6466,6465,6453,6463,6462,6461,6460,6464,6459,6458,6457,6456,6455,6454,6452,6451,6450,6449,6448,6447,6446,6445,6444,6443,6442,6441,6440,6439,6438,6437,6436,6435,6434,6433,6432,6431,6430,6429,6428,6427,6426,6425,6424,6423,6422,6421,6420,6419,6418,6417,6416,6415,6414,6413,6412,6411,6410,6409,6408,6407,6406,6405,6404,6403,6402,6401,6400,6399,6398,6397,6479,6478,6476,6469,6475,6468,6477,6474,6472,6473,6470&#8243;][vc_column_text]photos by \u00a9 Mat\u011bj Vesel\u00fd[\/vc_column_text][vc_empty_space][\/vc_column][\/vc_row][vc_row][vc_column][vc_empty_space]<div class=\"\"><div class=\"title_center\"><p class=\"\">20. 5. HAPPENING GREENING THE CITY \/ NL ARCHITECTS<\/p><\/div><div class=\"center_line\"><\/div><\/div>[vc_empty_space][vc_masonry_media_grid element_width=&#8220;3&#8243; grid_id=&#8220;vc_gid:1499177370644-c350df85-9baf-4&#8243; include=&#8220;6347,6346,6345,6344,6343,6342,6341,6340,6339,6338,6337,6336,6335,6334,6333,6332,6331,6330,6329,6328,6327,6326&#8243;][vc_column_text]photos by \u00a9 Mat\u011bj Vesel\u00fd[\/vc_column_text][vc_empty_space][\/vc_column][\/vc_row][vc_row][vc_column][vc_empty_space]<div class=\"\"><div class=\"title_center\"><p class=\"\">19. 5. OPENING LANDSCAPE FESTIVAL PILSEN 2017<\/p><\/div><div class=\"center_line\"><\/div><\/div>[vc_empty_space][vc_masonry_media_grid element_width=&#8220;3&#8243; grid_id=&#8220;vc_gid:1499177370669-42a1c96f-c26e-3&#8243; include=&#8220;5988,5987,5985,5980,5979,5978,5956,5977,5976,5971,5970,5969,5968,5967,5966,5965,5964,5963,5962,5961,5960,5959,5958,5957,5955,5990,5975,5972,5954,5974,5973,5986,5983,5982,5989,5981,5991,5984,5992,6003,6002,6001,5999,6000,5998,5997,5993,6005,6004,5996,6711,6721,6712,6713,6714,6715,6716,6717,6718,6719,6720&#8243;][vc_column_text]photos by \u00a9 Mat\u011bj Vesel\u00fd, Hana Bo\u0159\u00edkov\u00e1, Mark\u00e9ta Tich\u00e1[\/vc_column_text][vc_empty_space][\/vc_column][\/vc_row][vc_row][vc_column][vc_empty_space]<div class=\"\"><div class=\"title_center\"><p class=\"\">19. 5. Lecture by Kamiel Klaasse \/ NL Architects<\/p><\/div><div class=\"center_line\"><\/div><\/div>[vc_empty_space][vc_masonry_media_grid element_width=&#8220;3&#8243; grid_id=&#8220;vc_gid:1499177370705-ff8c93b2-ae07-6&#8243; include=&#8220;5946,5953,5952,5950,5951,5949,5948,5947&#8243;][vc_column_text]photos by \u00a9 Mat\u011bj Vesel\u00fd, Mark\u00e9ta Tich\u00e1[\/vc_column_text][vc_empty_space][\/vc_column][\/vc_row]<\/p>\n<\/div>","protected":false},"excerpt":{"rendered":"<p>[vc_row][vc_column][vc_empty_space][vc_empty_space][vc_masonry_media_grid element_width=&#8220;3&#8243; grid_id=&#8220;vc_gid:1499177370524-cb27ea70-a105-0&#8243; include=&#8220;6362,6361,6396,6395,6394,6373,6372,6392,6368,6391,6363,6365,6366,6390,6367,6369,6393,6364,6371,6370,6389,6388,6381,6382,6380,6379,6378,6377,6376,6375,6374,6387,6386,6385,6384,6383&#8243;][vc_column_text]photos by \u00a9 Mat\u011bj Vesel\u00fd[\/vc_column_text][vc_empty_space][\/vc_column][\/vc_row][vc_row][vc_column][vc_empty_space][vc_empty_space][vc_masonry_media_grid element_width=&#8220;3&#8243; grid_id=&#8220;vc_gid:1499177370563-51154c10-709f-2&#8243; include=&#8220;6491,6513,6517,6483,6512,6503,6502,6514,6511,6509,6506,6505,6494,6480,6482,6501,6507,6499,6508,6510,6498,6497,6496,6495,6493,6516,6504,6492,6515,6490,6489,6488,6487,6486,6485,6484,6481,6500&#8243;][vc_column_text]photos by \u00a9 Mat\u011bj Vesel\u00fd[\/vc_column_text][vc_empty_space][\/vc_column][\/vc_row][vc_row][vc_column][vc_empty_space][vc_column_text]CZECHSCAPE:\u00a0a portrait of contemporary Czech landscaping architecture INDUSTRIAL TOPOGRAPHY: ARCHITECTURE OF CONVERSION 2005\u20132015 PUBLIC SPACE 2016 \u2013 European Prize for Urban Public Space NOMADS Exhibitions will be open until 20. 9. 2017 [\/vc_column_text][vc_masonry_media_grid element_width=&#8220;3&#8243; grid_id=&#8220;vc_gid:1499177370592-5491ea40-1f33-3&#8243; include=&#8220;6467,6466,6465,6453,6463,6462,6461,6460,6464,6459,6458,6457,6456,6455,6454,6452,6451,6450,6449,6448,6447,6446,6445,6444,6443,6442,6441,6440,6439,6438,6437,6436,6435,6434,6433,6432,6431,6430,6429,6428,6427,6426,6425,6424,6423,6422,6421,6420,6419,6418,6417,6416,6415,6414,6413,6412,6411,6410,6409,6408,6407,6406,6405,6404,6403,6402,6401,6400,6399,6398,6397,6479,6478,6476,6469,6475,6468,6477,6474,6472,6473,6470&#8243;][vc_column_text]photos by \u00a9 Mat\u011bj Vesel\u00fd[\/vc_column_text][vc_empty_space][\/vc_column][\/vc_row][vc_row][vc_column][vc_empty_space][vc_empty_space][vc_masonry_media_grid element_width=&#8220;3&#8243; [&hellip;]<\/p>\n","protected":false},"author":3,"featured_media":0,"parent":0,"menu_order":0,"comment_status":"closed","ping_status":"closed","template":"","meta":{"footnotes":""},"class_list":["post-6705","page","type-page","status-publish","hentry",""],"_links":{"self":[{"href":"http:\/\/www.landscape-festival.cz\/old\/wp-json\/wp\/v2\/pages\/6705","targetHints":{"allow":["GET"]}}],"collection":[{"href":"http:\/\/www.landscape-festival.cz\/old\/wp-json\/wp\/v2\/pages"}],"about":[{"href":"http:\/\/www.landscape-festival.cz\/old\/wp-json\/wp\/v2\/types\/page"}],"author":[{"embeddable":true,"href":"http:\/\/www.landscape-festival.cz\/old\/wp-json\/wp\/v2\/users\/3"}],"replies":[{"embeddable":true,"href":"http:\/\/www.landscape-festival.cz\/old\/wp-json\/wp\/v2\/comments?post=6705"}],"version-history":[{"count":4,"href":"http:\/\/www.landscape-festival.cz\/old\/wp-json\/wp\/v2\/pages\/6705\/revisions"}],"predecessor-version":[{"id":6724,"href":"http:\/\/www.landscape-festival.cz\/old\/wp-json\/wp\/v2\/pages\/6705\/revisions\/6724"}],"wp:attachment":[{"href":"http:\/\/www.landscape-festival.cz\/old\/wp-json\/wp\/v2\/media?parent=6705"}],"curies":[{"name":"wp","href":"https:\/\/api.w.org\/{rel}","templated":true}]}}